{"id":987505909,"date":"2023-11-28T17:38:30","date_gmt":"2023-11-28T17:38:30","guid":{"rendered":"https:\/\/thegreenmanbar.server-prod.com\/contactez-bar-a-cocktails-bruxelles\/"},"modified":"2024-01-29T13:11:47","modified_gmt":"2024-01-29T13:11:47","slug":"contactez-bar-a-cocktails-bruxelles","status":"publish","type":"page","link":"https:\/\/thegreenmanbar.be\/en\/contactez-bar-a-cocktails-bruxelles\/","title":{"rendered":"Contact"},"content":{"rendered":"<p>[et_pb_section fb_built=&#8221;1&#8243; _builder_version=&#8221;4.23.1&#8243; _module_preset=&#8221;default&#8221; background_enable_color=&#8221;off&#8221; use_background_color_gradient=&#8221;on&#8221; background_color_gradient_stops=&#8221;rgba(33,33,33,0.5) 0%|rgba(33,33,33,0.3) 100%&#8221; background_color_gradient_overlays_image=&#8221;on&#8221; background_color_gradient_start=&#8221;#160b00&#8243; background_color_gradient_end=&#8221;rgba(22,11,0,0)&#8221; background_image=&#8221;https:\/\/thegreenmanbar.be\/wp-content\/uploads\/2023\/11\/meilleure-cocktail-thegreenmanbar-bruxelles.jpg&#8221; background_position=&#8221;top_center&#8221; background_vertical_offset=&#8221;43%&#8221; custom_padding=&#8221;100px||100px||false|false&#8221; global_colors_info=&#8221;{}&#8221;][et_pb_row _builder_version=&#8221;4.23.1&#8243; _module_preset=&#8221;default&#8221; global_colors_info=&#8221;{}&#8221;][et_pb_column type=&#8221;4_4&#8243; _builder_version=&#8221;4.23.1&#8243; _module_preset=&#8221;default&#8221; global_colors_info=&#8221;{}&#8221;][et_pb_text _builder_version=&#8221;4.23.1&#8243; text_text_color=&#8221;#FFFFFF&#8221; text_line_height=&#8221;1.8em&#8221; header_font_size=&#8221;60px&#8221; header_line_height=&#8221;1.2em&#8221; header_2_font=&#8221;Playfair Display||||||||&#8221; header_2_text_color=&#8221;#ffebd6&#8243; header_2_font_size=&#8221;55px&#8221; header_2_line_height=&#8221;1.2em&#8221; header_6_font=&#8221;|700||on|||||&#8221; header_6_text_color=&#8221;#ffcf9a&#8221; header_6_letter_spacing=&#8221;2px&#8221; header_6_line_height=&#8221;1.2em&#8221; background_layout=&#8221;dark&#8221; max_width=&#8221;80%&#8221; max_width_tablet=&#8221;80%&#8221; max_width_phone=&#8221;100%&#8221; max_width_last_edited=&#8221;on|phone&#8221; header_font_size_tablet=&#8221;40px&#8221; header_font_size_phone=&#8221;30px&#8221; header_font_size_last_edited=&#8221;on|phone&#8221; header_2_font_size_tablet=&#8221;40px&#8221; header_2_font_size_phone=&#8221;30px&#8221; header_2_font_size_last_edited=&#8221;on|phone&#8221; locked=&#8221;off&#8221; global_colors_info=&#8221;{}&#8221;]<\/p>\n<h1>Contact The Green Man Finest Cocktails bar<br \/>\n<\/h1>\n<p>[\/et_pb_text][\/et_pb_column][\/et_pb_row][\/et_pb_section][et_pb_section fb_built=&#8221;1&#8243; admin_label=&#8221;Feature&#8221; _builder_version=&#8221;4.23.1&#8243; background_color=&#8221;#212121&#8243; background_image=&#8221;https:\/\/thegreenmanbar.be\/wp-content\/uploads\/2023\/11\/back-thegreenmanbar.png&#8221; background_size=&#8221;initial&#8221; background_position=&#8221;top_left&#8221; background_horizontal_offset=&#8221;10%&#8221; custom_margin=&#8221;||||false|false&#8221; custom_padding=&#8221;||||false|false&#8221; background_last_edited=&#8221;on|tablet&#8221; background_horizontal_offset_tablet=&#8221;0%&#8221; locked=&#8221;off&#8221; global_colors_info=&#8221;{}&#8221;][et_pb_row _builder_version=&#8221;4.21.2&#8243; _module_preset=&#8221;default&#8221; custom_margin=&#8221;||||false|false&#8221; custom_padding=&#8221;0px||||false|false&#8221; global_colors_info=&#8221;{}&#8221;][et_pb_column type=&#8221;4_4&#8243; _builder_version=&#8221;4.16&#8243; _module_preset=&#8221;default&#8221; global_colors_info=&#8221;{}&#8221;][et_pb_text _builder_version=&#8221;4.21.2&#8243; _module_preset=&#8221;1da4c4f2-8e53-4788-a9f5-4d073216150a&#8221; text_text_color=&#8221;#FFFFFF&#8221; text_line_height=&#8221;1.8em&#8221; header_2_font=&#8221;Playfair Display||||||||&#8221; header_2_text_color=&#8221;#ffebd6&#8243; header_2_font_size=&#8221;60px&#8221; header_2_line_height=&#8221;1.2em&#8221; header_3_font=&#8221;|700||on|||||&#8221; header_3_text_color=&#8221;#ffcf9a&#8221; header_3_font_size=&#8221;14px&#8221; header_3_letter_spacing=&#8221;2px&#8221; header_3_line_height=&#8221;1.2em&#8221; text_orientation=&#8221;center&#8221; background_layout=&#8221;dark&#8221; header_2_font_size_tablet=&#8221;40px&#8221; header_2_font_size_phone=&#8221;30px&#8221; header_2_font_size_last_edited=&#8221;on|phone&#8221; locked=&#8221;off&#8221; global_colors_info=&#8221;{}&#8221;]<\/p>\n<h2><\/h2>\n<h2>Find us<\/h2>\n<p>[\/et_pb_text][\/et_pb_column][\/et_pb_row][et_pb_row column_structure=&#8221;1_3,1_3,1_3&#8243; make_equal=&#8221;on&#8221; _builder_version=&#8221;4.23.1&#8243; _module_preset=&#8221;default&#8221; custom_margin=&#8221;|auto||auto|false|false&#8221; global_colors_info=&#8221;{}&#8221;][et_pb_column type=&#8221;1_3&#8243; _builder_version=&#8221;4.23.1&#8243; _module_preset=&#8221;default&#8221; background_color=&#8221;#303030&#8243; custom_padding=&#8221;40px|20px|40px|20px|true|true&#8221; border_width_all=&#8221;2px&#8221; border_color_all=&#8221;#383838&#8243; global_colors_info=&#8221;{}&#8221; box_shadow_vertical__hover=&#8221;50px&#8221; box_shadow_vertical__hover_enabled=&#8221;on|hover&#8221; box_shadow_blur__hover=&#8221;80px&#8221; box_shadow_blur__hover_enabled=&#8221;on|desktop&#8221; box_shadow_spread__hover=&#8221;-10px&#8221; box_shadow_spread__hover_enabled=&#8221;on|desktop&#8221; box_shadow_color__hover=&#8221;&#8221; box_shadow_color__hover_enabled=&#8221;on|desktop&#8221;][et_pb_blurb title=&#8221;Address &#8221; use_icon=&#8221;on&#8221; font_icon=&#8221;&#xe01d;||divi||400&#8243; icon_color=&#8221;#FFFFFF&#8221; image_icon_background_color=&#8221;#c19d60&#8243; image_icon_width=&#8221;25px&#8221; _builder_version=&#8221;4.23.1&#8243; _module_preset=&#8221;default&#8221; header_level=&#8221;h3&#8243; header_font=&#8221;||||||||&#8221; header_text_color=&#8221;#FFFFFF&#8221; header_font_size=&#8221;24px&#8221; header_letter_spacing=&#8221;1px&#8221; header_line_height=&#8221;1.3em&#8221; body_font=&#8221;|600|||||||&#8221; body_text_color=&#8221;#FFFFFF&#8221; body_link_text_color=&#8221;#FFFFFF&#8221; background_enable_color=&#8221;off&#8221; image_icon_custom_padding=&#8221;15px|15px|15px|15px|true|true&#8221; image_icon_custom_padding_tablet=&#8221;20px|20px|20px|20px|true|true&#8221; image_icon_custom_padding_phone=&#8221;15px|15px|15px|15px|true|true&#8221; image_icon_custom_padding_last_edited=&#8221;on|phone&#8221; text_orientation=&#8221;center&#8221; custom_padding=&#8221;||||false|false&#8221; animation=&#8221;off&#8221; header_font_size_tablet=&#8221;22px&#8221; header_font_size_phone=&#8221;20px&#8221; header_font_size_last_edited=&#8221;on|phone&#8221; border_radii=&#8221;on|10px|10px|10px|10px&#8221; border_radii_image=&#8221;on|100%|100%|100%|100%&#8221; icon_font_size=&#8221;22px&#8221; use_circle=&#8221;on&#8221; circle_color=&#8221;#ff5876&#8243; locked=&#8221;off&#8221; global_colors_info=&#8221;{}&#8221; body_link_text_color__hover_enabled=&#8221;on|hover&#8221; body_link_text_color__hover=&#8221;#c19d60&#8243; image_icon_background_color__sticky_enabled=&#8221;#7EBEC5&#8243; image_icon_background_color__sticky=&#8221;#7EBEC5&#8243; box_shadow_vertical__hover=&#8221;50px&#8221; box_shadow_vertical__hover_enabled=&#8221;on|hover&#8221; box_shadow_blur__hover=&#8221;80px&#8221; box_shadow_blur__hover_enabled=&#8221;on|desktop&#8221; box_shadow_spread__hover=&#8221;-10px&#8221; box_shadow_spread__hover_enabled=&#8221;on|desktop&#8221; box_shadow_color__hover=&#8221;rgba(50,134,35,0.2)&#8221; box_shadow_color__hover_enabled=&#8221;on|desktop&#8221;]Rue des Chapeliers 20,<br \/>\n1000 Bruxelles[\/et_pb_blurb][\/et_pb_column][et_pb_column type=&#8221;1_3&#8243; _builder_version=&#8221;4.16&#8243; _module_preset=&#8221;default&#8221; background_color=&#8221;#303030&#8243; custom_padding=&#8221;40px|20px|40px|20px|true|true&#8221; border_width_all=&#8221;2px&#8221; border_color_all=&#8221;#383838&#8243; global_colors_info=&#8221;{}&#8221; box_shadow_vertical__hover=&#8221;50px&#8221; box_shadow_vertical__hover_enabled=&#8221;on|hover&#8221; box_shadow_blur__hover=&#8221;80px&#8221; box_shadow_blur__hover_enabled=&#8221;on|desktop&#8221; box_shadow_spread__hover=&#8221;-10px&#8221; box_shadow_spread__hover_enabled=&#8221;on|desktop&#8221; box_shadow_color__hover_enabled=&#8221;on|desktop&#8221;][et_pb_blurb title=&#8221;Phone&#8221; use_icon=&#8221;on&#8221; font_icon=&#8221;&#xe00b;||divi||400&#8243; icon_color=&#8221;#FFFFFF&#8221; image_icon_background_color=&#8221;#c19d60&#8243; image_icon_width=&#8221;25px&#8221; _builder_version=&#8221;4.23.4&#8243; _module_preset=&#8221;default&#8221; header_level=&#8221;h3&#8243; header_font=&#8221;||||||||&#8221; header_text_color=&#8221;#FFFFFF&#8221; header_font_size=&#8221;24px&#8221; header_letter_spacing=&#8221;1px&#8221; header_line_height=&#8221;1.3em&#8221; body_font=&#8221;|600|||||||&#8221; body_text_color=&#8221;#FFFFFF&#8221; body_link_text_color=&#8221;#FFFFFF&#8221; background_enable_color=&#8221;off&#8221; image_icon_custom_padding=&#8221;15px|15px|15px|15px|true|true&#8221; image_icon_custom_padding_tablet=&#8221;20px|20px|20px|20px|true|true&#8221; image_icon_custom_padding_phone=&#8221;15px|15px|15px|15px|true|true&#8221; image_icon_custom_padding_last_edited=&#8221;on|phone&#8221; text_orientation=&#8221;center&#8221; custom_padding=&#8221;||||false|false&#8221; animation=&#8221;off&#8221; header_font_size_tablet=&#8221;22px&#8221; header_font_size_phone=&#8221;20px&#8221; header_font_size_last_edited=&#8221;on|phone&#8221; border_radii=&#8221;on|10px|10px|10px|10px&#8221; border_radii_image=&#8221;on|100%|100%|100%|100%&#8221; icon_font_size=&#8221;22px&#8221; use_circle=&#8221;on&#8221; circle_color=&#8221;#ff5876&#8243; locked=&#8221;off&#8221; global_colors_info=&#8221;{}&#8221; box_shadow_vertical__hover=&#8221;50px&#8221; box_shadow_vertical__hover_enabled=&#8221;on|hover&#8221; box_shadow_blur__hover=&#8221;80px&#8221; box_shadow_blur__hover_enabled=&#8221;on|desktop&#8221; box_shadow_spread__hover=&#8221;-10px&#8221; box_shadow_spread__hover_enabled=&#8221;on|desktop&#8221; box_shadow_color__hover=&#8221;rgba(50,134,35,0.2)&#8221; box_shadow_color__hover_enabled=&#8221;on|desktop&#8221; body_link_text_color__hover=&#8221;#c19d60&#8243; body_link_text_color__hover_enabled=&#8221;on|hover&#8221; image_icon_background_color__sticky_enabled=&#8221;#7EBEC5&#8243; image_icon_background_color__sticky=&#8221;#7EBEC5&#8243;]<a href=\"tel:0491\/25.44.17\">0491\/25.44.17<\/a>[\/et_pb_blurb][\/et_pb_column][et_pb_column type=&#8221;1_3&#8243; _builder_version=&#8221;4.16&#8243; _module_preset=&#8221;default&#8221; background_color=&#8221;#303030&#8243; custom_padding=&#8221;40px|20px|40px|20px|true|true&#8221; border_width_all=&#8221;2px&#8221; border_color_all=&#8221;#383838&#8243; global_colors_info=&#8221;{}&#8221; box_shadow_vertical__hover=&#8221;50px&#8221; box_shadow_vertical__hover_enabled=&#8221;on|hover&#8221; box_shadow_blur__hover=&#8221;80px&#8221; box_shadow_blur__hover_enabled=&#8221;on|desktop&#8221; box_shadow_spread__hover=&#8221;-10px&#8221; box_shadow_spread__hover_enabled=&#8221;on|desktop&#8221; box_shadow_color__hover_enabled=&#8221;on|desktop&#8221;][et_pb_blurb title=&#8221;E-mail&#8221; use_icon=&#8221;on&#8221; font_icon=&#8221;&#xe076;||divi||400&#8243; icon_color=&#8221;#FFFFFF&#8221; image_icon_background_color=&#8221;#c19d60&#8243; image_icon_width=&#8221;25px&#8221; _builder_version=&#8221;4.23.4&#8243; _module_preset=&#8221;default&#8221; header_level=&#8221;h3&#8243; header_font=&#8221;||||||||&#8221; header_text_color=&#8221;#FFFFFF&#8221; header_font_size=&#8221;24px&#8221; header_letter_spacing=&#8221;1px&#8221; header_line_height=&#8221;1.3em&#8221; body_font=&#8221;|600|||||||&#8221; body_text_color=&#8221;#FFFFFF&#8221; body_link_text_color=&#8221;#FFFFFF&#8221; background_enable_color=&#8221;off&#8221; image_icon_custom_padding=&#8221;15px|15px|15px|15px|true|true&#8221; image_icon_custom_padding_tablet=&#8221;20px|20px|20px|20px|true|true&#8221; image_icon_custom_padding_phone=&#8221;15px|15px|15px|15px|true|true&#8221; image_icon_custom_padding_last_edited=&#8221;on|phone&#8221; text_orientation=&#8221;center&#8221; custom_padding=&#8221;||||false|false&#8221; animation=&#8221;off&#8221; header_font_size_tablet=&#8221;22px&#8221; header_font_size_phone=&#8221;20px&#8221; header_font_size_last_edited=&#8221;on|phone&#8221; border_radii=&#8221;on|10px|10px|10px|10px&#8221; border_radii_image=&#8221;on|100%|100%|100%|100%&#8221; icon_font_size=&#8221;22px&#8221; use_circle=&#8221;on&#8221; circle_color=&#8221;#ff5876&#8243; locked=&#8221;off&#8221; global_colors_info=&#8221;{}&#8221; box_shadow_vertical__hover=&#8221;50px&#8221; box_shadow_vertical__hover_enabled=&#8221;on|hover&#8221; box_shadow_blur__hover=&#8221;80px&#8221; box_shadow_blur__hover_enabled=&#8221;on|desktop&#8221; box_shadow_spread__hover=&#8221;-10px&#8221; box_shadow_spread__hover_enabled=&#8221;on|desktop&#8221; box_shadow_color__hover=&#8221;rgba(50,134,35,0.2)&#8221; box_shadow_color__hover_enabled=&#8221;on|desktop&#8221; body_link_text_color__hover=&#8221;#c19d60&#8243; body_link_text_color__hover_enabled=&#8221;on|hover&#8221; image_icon_background_color__sticky_enabled=&#8221;#7EBEC5&#8243; image_icon_background_color__sticky=&#8221;#7EBEC5&#8243;]<a href=\"mailto:info@thegreenmanbar.be\">info@thegreenmanbar.be<\/a>[\/et_pb_blurb][\/et_pb_column][\/et_pb_row][et_pb_row _builder_version=&#8221;4.21.2&#8243; _module_preset=&#8221;default&#8221; custom_margin=&#8221;||||false|false&#8221; global_colors_info=&#8221;{}&#8221;][et_pb_column type=&#8221;4_4&#8243; _builder_version=&#8221;4.16&#8243; _module_preset=&#8221;default&#8221; global_colors_info=&#8221;{}&#8221;][et_pb_text _builder_version=&#8221;4.21.2&#8243; _module_preset=&#8221;1da4c4f2-8e53-4788-a9f5-4d073216150a&#8221; text_text_color=&#8221;#FFFFFF&#8221; text_line_height=&#8221;1.8em&#8221; header_2_font=&#8221;Playfair Display||||||||&#8221; header_2_text_color=&#8221;#ffebd6&#8243; header_2_font_size=&#8221;60px&#8221; header_2_line_height=&#8221;1.2em&#8221; header_3_font=&#8221;|700||on|||||&#8221; header_3_text_color=&#8221;#ffcf9a&#8221; header_3_font_size=&#8221;14px&#8221; header_3_letter_spacing=&#8221;2px&#8221; header_3_line_height=&#8221;1.2em&#8221; text_orientation=&#8221;center&#8221; background_layout=&#8221;dark&#8221; header_2_font_size_tablet=&#8221;40px&#8221; header_2_font_size_phone=&#8221;30px&#8221; header_2_font_size_last_edited=&#8221;on|phone&#8221; locked=&#8221;off&#8221; global_colors_info=&#8221;{}&#8221;]<\/p>\n<h2>Leave us a message<\/h2>\n<p>[\/et_pb_text][et_pb_text module_class=&#8221;cls-formuler&#8221; _builder_version=&#8221;4.23.4&#8243; _module_preset=&#8221;default&#8221; background_layout=&#8221;dark&#8221; global_colors_info=&#8221;{}&#8221;]<\/p>\n\n<p>[\/et_pb_text][\/et_pb_column][\/et_pb_row][\/et_pb_section][et_pb_section fb_built=&#8221;1&#8243; module_class=&#8221;cls-hide&#8221; _builder_version=&#8221;4.22.0&#8243; _module_preset=&#8221;default&#8221; global_colors_info=&#8221;{}&#8221;][et_pb_row _builder_version=&#8221;4.22.0&#8243; _module_preset=&#8221;default&#8221; global_colors_info=&#8221;{}&#8221;][et_pb_column type=&#8221;4_4&#8243; _builder_version=&#8221;4.22.0&#8243; _module_preset=&#8221;default&#8221; global_colors_info=&#8221;{}&#8221;][et_pb_text _builder_version=&#8221;4.22.0&#8243; _module_preset=&#8221;default&#8221; global_colors_info=&#8221;{}&#8221;]Contactez-nous \u00e0 The Clinic Medical Center \u00e0 Bruxelles pour prendre rendez-vous avec nos sp\u00e9cialistes m\u00e9dicaux et param\u00e9dicaux ou pour toute demande d&#8217;information. Nous sommes disponibles pour vous accompagner dans votre parcours de sant\u00e9 et r\u00e9pondre \u00e0 vos besoins de mani\u00e8re professionnelle.[\/et_pb_text][\/et_pb_column][\/et_pb_row][\/et_pb_section][et_pb_section fb_built=&#8221;1&#8243; _builder_version=&#8221;4.21.2&#8243; _module_preset=&#8221;default&#8221; custom_padding=&#8221;0px||0px||true|false&#8221; global_colors_info=&#8221;{}&#8221;][et_pb_row _builder_version=&#8221;4.21.2&#8243; _module_preset=&#8221;default&#8221; width=&#8221;100%&#8221; max_width=&#8221;100%&#8221; custom_margin=&#8221;||-5px||false|false&#8221; custom_padding=&#8221;0px||0px||true|false&#8221; global_colors_info=&#8221;{}&#8221;][et_pb_column type=&#8221;4_4&#8243; _builder_version=&#8221;4.21.2&#8243; _module_preset=&#8221;default&#8221; global_colors_info=&#8221;{}&#8221;][et_pb_text _builder_version=&#8221;4.23.1&#8243; _module_preset=&#8221;default&#8221; global_colors_info=&#8221;{}&#8221;]<iframe src=\"https:\/\/www.google.com\/maps\/embed?pb=!1m14!1m8!1m3!1d5038.431382819136!2d4.352626!3d50.84569!3m2!1i1024!2i768!4f13.1!3m3!1m2!1s0x47c3c5618c7522f3%3A0xb84daf4f996def13!2sThe%20Green%20Man%20Cocktail%20bar!5e0!3m2!1sfr!2sma!4v1701353959726!5m2!1sfr!2sma\" width=\"100%\" height=\"400\" style=\"border:0;\" allowfullscreen=\"\" loading=\"lazy\" referrerpolicy=\"no-referrer-when-downgrade\"><\/iframe>[\/et_pb_text][\/et_pb_column][\/et_pb_row][\/et_pb_section]<\/p>\n","protected":false},"excerpt":{"rendered":"<p>Contact The Green Man Finest Cocktails bar Find usRue des Chapeliers 20, 1000 Bruxelles0491\/25.44.17info@thegreenmanbar.beLeave us a messageContactez-nous \u00e0 The Clinic Medical Center \u00e0 Bruxelles pour prendre rendez-vous avec nos sp\u00e9cialistes m\u00e9dicaux et param\u00e9dicaux ou pour toute demande d&#8217;information. Nous sommes disponibles pour vous accompagner dans votre parcours de sant\u00e9 et r\u00e9pondre \u00e0 vos besoins [&hellip;]<\/p>\n","protected":false},"author":2,"featured_media":0,"parent":0,"menu_order":0,"comment_status":"closed","ping_status":"closed","template":"","meta":{"_et_pb_use_builder":"on","_et_pb_old_content":"<!-- wp:divi\/placeholder \/-->","_et_gb_content_width":"","footnotes":""},"class_list":["post-987505909","page","type-page","status-publish","hentry"],"yoast_head":"<!-- This site is optimized with the Yoast SEO plugin v26.3 - https:\/\/yoast.com\/wordpress\/plugins\/seo\/ -->\n<title>Contactez notre bar \u00e0 cocktails \u00e0 Bruxelles | The Green Man Bar<\/title>\n<meta name=\"description\" content=\"Vous souhaitez participer \u00e0 un \u00e9v\u00e9nement ? Vous avez une question sur notre bar \u00e0 cocktails ? Rendez-vous sur notre page contact pour nous contacter.\" \/>\n<meta name=\"robots\" content=\"index, follow, max-snippet:-1, max-image-preview:large, max-video-preview:-1\" \/>\n<link rel=\"canonical\" href=\"https:\/\/thegreenmanbar.be\/en\/contactez-bar-a-cocktails-bruxelles\/\" \/>\n<meta property=\"og:locale\" content=\"en_US\" \/>\n<meta property=\"og:type\" content=\"article\" \/>\n<meta property=\"og:title\" content=\"Contactez notre bar \u00e0 cocktails \u00e0 Bruxelles | The Green Man Bar\" \/>\n<meta property=\"og:description\" content=\"Vous souhaitez participer \u00e0 un \u00e9v\u00e9nement ? Vous avez une question sur notre bar \u00e0 cocktails ? Rendez-vous sur notre page contact pour nous contacter.\" \/>\n<meta property=\"og:url\" content=\"https:\/\/thegreenmanbar.be\/en\/contactez-bar-a-cocktails-bruxelles\/\" \/>\n<meta property=\"og:site_name\" content=\"The Green Man Cocktail Bar\" \/>\n<meta property=\"article:modified_time\" content=\"2024-01-29T13:11:47+00:00\" \/>\n<meta property=\"og:image\" content=\"https:\/\/thegreenmanbar.be\/wp-content\/uploads\/2023\/11\/cropped-thegreenmanbar-logo.png\" \/>\n\t<meta property=\"og:image:width\" content=\"512\" \/>\n\t<meta property=\"og:image:height\" content=\"512\" \/>\n\t<meta property=\"og:image:type\" content=\"image\/png\" \/>\n<meta name=\"twitter:card\" content=\"summary_large_image\" \/>\n<meta name=\"twitter:label1\" content=\"Est. reading time\" \/>\n\t<meta name=\"twitter:data1\" content=\"1 minute\" \/>\n<script type=\"application\/ld+json\" class=\"yoast-schema-graph\">{\"@context\":\"https:\/\/schema.org\",\"@graph\":[{\"@type\":\"WebPage\",\"@id\":\"https:\/\/thegreenmanbar.be\/en\/contactez-bar-a-cocktails-bruxelles\/\",\"url\":\"https:\/\/thegreenmanbar.be\/en\/contactez-bar-a-cocktails-bruxelles\/\",\"name\":\"Contactez notre bar \u00e0 cocktails \u00e0 Bruxelles | The Green Man Bar\",\"isPartOf\":{\"@id\":\"https:\/\/thegreenmanbar.be\/en\/#website\"},\"datePublished\":\"2023-11-28T17:38:30+00:00\",\"dateModified\":\"2024-01-29T13:11:47+00:00\",\"description\":\"Vous souhaitez participer \u00e0 un \u00e9v\u00e9nement ? Vous avez une question sur notre bar \u00e0 cocktails ? Rendez-vous sur notre page contact pour nous contacter.\",\"breadcrumb\":{\"@id\":\"https:\/\/thegreenmanbar.be\/en\/contactez-bar-a-cocktails-bruxelles\/#breadcrumb\"},\"inLanguage\":\"en-US\",\"potentialAction\":[{\"@type\":\"ReadAction\",\"target\":[\"https:\/\/thegreenmanbar.be\/en\/contactez-bar-a-cocktails-bruxelles\/\"]}]},{\"@type\":\"BreadcrumbList\",\"@id\":\"https:\/\/thegreenmanbar.be\/en\/contactez-bar-a-cocktails-bruxelles\/#breadcrumb\",\"itemListElement\":[{\"@type\":\"ListItem\",\"position\":1,\"name\":\"Accueil\",\"item\":\"https:\/\/thegreenmanbar.be\/en\/\"},{\"@type\":\"ListItem\",\"position\":2,\"name\":\"Contact\"}]},{\"@type\":\"WebSite\",\"@id\":\"https:\/\/thegreenmanbar.be\/en\/#website\",\"url\":\"https:\/\/thegreenmanbar.be\/en\/\",\"name\":\"The Green Man Cocktail Bar\",\"description\":\"The Green Man Cocktail Bar your finest cocktails in the heart of Brussels\",\"publisher\":{\"@id\":\"https:\/\/thegreenmanbar.be\/en\/#organization\"},\"potentialAction\":[{\"@type\":\"SearchAction\",\"target\":{\"@type\":\"EntryPoint\",\"urlTemplate\":\"https:\/\/thegreenmanbar.be\/en\/?s={search_term_string}\"},\"query-input\":{\"@type\":\"PropertyValueSpecification\",\"valueRequired\":true,\"valueName\":\"search_term_string\"}}],\"inLanguage\":\"en-US\"},{\"@type\":\"Organization\",\"@id\":\"https:\/\/thegreenmanbar.be\/en\/#organization\",\"name\":\"The Green Man Cocktail Bar\",\"url\":\"https:\/\/thegreenmanbar.be\/en\/\",\"logo\":{\"@type\":\"ImageObject\",\"inLanguage\":\"en-US\",\"@id\":\"https:\/\/thegreenmanbar.be\/en\/#\/schema\/logo\/image\/\",\"url\":\"https:\/\/thegreenmanbar.be\/wp-content\/uploads\/2023\/11\/cropped-thegreenmanbar-logo.png\",\"contentUrl\":\"https:\/\/thegreenmanbar.be\/wp-content\/uploads\/2023\/11\/cropped-thegreenmanbar-logo.png\",\"width\":512,\"height\":512,\"caption\":\"The Green Man Cocktail Bar\"},\"image\":{\"@id\":\"https:\/\/thegreenmanbar.be\/en\/#\/schema\/logo\/image\/\"}}]}<\/script>\n<!-- \/ Yoast SEO plugin. -->","yoast_head_json":{"title":"Contactez notre bar \u00e0 cocktails \u00e0 Bruxelles | The Green Man Bar","description":"Vous souhaitez participer \u00e0 un \u00e9v\u00e9nement ? Vous avez une question sur notre bar \u00e0 cocktails ? Rendez-vous sur notre page contact pour nous contacter.","robots":{"index":"index","follow":"follow","max-snippet":"max-snippet:-1","max-image-preview":"max-image-preview:large","max-video-preview":"max-video-preview:-1"},"canonical":"https:\/\/thegreenmanbar.be\/en\/contactez-bar-a-cocktails-bruxelles\/","og_locale":"en_US","og_type":"article","og_title":"Contactez notre bar \u00e0 cocktails \u00e0 Bruxelles | The Green Man Bar","og_description":"Vous souhaitez participer \u00e0 un \u00e9v\u00e9nement ? Vous avez une question sur notre bar \u00e0 cocktails ? Rendez-vous sur notre page contact pour nous contacter.","og_url":"https:\/\/thegreenmanbar.be\/en\/contactez-bar-a-cocktails-bruxelles\/","og_site_name":"The Green Man Cocktail Bar","article_modified_time":"2024-01-29T13:11:47+00:00","og_image":[{"width":512,"height":512,"url":"https:\/\/thegreenmanbar.be\/wp-content\/uploads\/2023\/11\/cropped-thegreenmanbar-logo.png","type":"image\/png"}],"twitter_card":"summary_large_image","twitter_misc":{"Est. reading time":"1 minute"},"schema":{"@context":"https:\/\/schema.org","@graph":[{"@type":"WebPage","@id":"https:\/\/thegreenmanbar.be\/en\/contactez-bar-a-cocktails-bruxelles\/","url":"https:\/\/thegreenmanbar.be\/en\/contactez-bar-a-cocktails-bruxelles\/","name":"Contactez notre bar \u00e0 cocktails \u00e0 Bruxelles | The Green Man Bar","isPartOf":{"@id":"https:\/\/thegreenmanbar.be\/en\/#website"},"datePublished":"2023-11-28T17:38:30+00:00","dateModified":"2024-01-29T13:11:47+00:00","description":"Vous souhaitez participer \u00e0 un \u00e9v\u00e9nement ? Vous avez une question sur notre bar \u00e0 cocktails ? Rendez-vous sur notre page contact pour nous contacter.","breadcrumb":{"@id":"https:\/\/thegreenmanbar.be\/en\/contactez-bar-a-cocktails-bruxelles\/#breadcrumb"},"inLanguage":"en-US","potentialAction":[{"@type":"ReadAction","target":["https:\/\/thegreenmanbar.be\/en\/contactez-bar-a-cocktails-bruxelles\/"]}]},{"@type":"BreadcrumbList","@id":"https:\/\/thegreenmanbar.be\/en\/contactez-bar-a-cocktails-bruxelles\/#breadcrumb","itemListElement":[{"@type":"ListItem","position":1,"name":"Accueil","item":"https:\/\/thegreenmanbar.be\/en\/"},{"@type":"ListItem","position":2,"name":"Contact"}]},{"@type":"WebSite","@id":"https:\/\/thegreenmanbar.be\/en\/#website","url":"https:\/\/thegreenmanbar.be\/en\/","name":"The Green Man Cocktail Bar","description":"The Green Man Cocktail Bar your finest cocktails in the heart of Brussels","publisher":{"@id":"https:\/\/thegreenmanbar.be\/en\/#organization"},"potentialAction":[{"@type":"SearchAction","target":{"@type":"EntryPoint","urlTemplate":"https:\/\/thegreenmanbar.be\/en\/?s={search_term_string}"},"query-input":{"@type":"PropertyValueSpecification","valueRequired":true,"valueName":"search_term_string"}}],"inLanguage":"en-US"},{"@type":"Organization","@id":"https:\/\/thegreenmanbar.be\/en\/#organization","name":"The Green Man Cocktail Bar","url":"https:\/\/thegreenmanbar.be\/en\/","logo":{"@type":"ImageObject","inLanguage":"en-US","@id":"https:\/\/thegreenmanbar.be\/en\/#\/schema\/logo\/image\/","url":"https:\/\/thegreenmanbar.be\/wp-content\/uploads\/2023\/11\/cropped-thegreenmanbar-logo.png","contentUrl":"https:\/\/thegreenmanbar.be\/wp-content\/uploads\/2023\/11\/cropped-thegreenmanbar-logo.png","width":512,"height":512,"caption":"The Green Man Cocktail Bar"},"image":{"@id":"https:\/\/thegreenmanbar.be\/en\/#\/schema\/logo\/image\/"}}]}},"_links":{"self":[{"href":"https:\/\/thegreenmanbar.be\/en\/wp-json\/wp\/v2\/pages\/987505909","targetHints":{"allow":["GET"]}}],"collection":[{"href":"https:\/\/thegreenmanbar.be\/en\/wp-json\/wp\/v2\/pages"}],"about":[{"href":"https:\/\/thegreenmanbar.be\/en\/wp-json\/wp\/v2\/types\/page"}],"author":[{"embeddable":true,"href":"https:\/\/thegreenmanbar.be\/en\/wp-json\/wp\/v2\/users\/2"}],"replies":[{"embeddable":true,"href":"https:\/\/thegreenmanbar.be\/en\/wp-json\/wp\/v2\/comments?post=987505909"}],"version-history":[{"count":6,"href":"https:\/\/thegreenmanbar.be\/en\/wp-json\/wp\/v2\/pages\/987505909\/revisions"}],"predecessor-version":[{"id":987506421,"href":"https:\/\/thegreenmanbar.be\/en\/wp-json\/wp\/v2\/pages\/987505909\/revisions\/987506421"}],"wp:attachment":[{"href":"https:\/\/thegreenmanbar.be\/en\/wp-json\/wp\/v2\/media?parent=987505909"}],"curies":[{"name":"wp","href":"https:\/\/api.w.org\/{rel}","templated":true}]}}