{"id":987506376,"date":"2024-01-15T15:19:39","date_gmt":"2024-01-15T15:19:39","guid":{"rendered":"https:\/\/thegreenmanbar.be\/menu-2\/"},"modified":"2025-05-13T21:19:55","modified_gmt":"2025-05-13T21:19:55","slug":"menu-2","status":"publish","type":"page","link":"https:\/\/thegreenmanbar.be\/en\/menu-2\/","title":{"rendered":"Menu"},"content":{"rendered":"<p>[et_pb_section fb_built=&#8221;1&#8243; _builder_version=&#8221;4.23.1&#8243; _module_preset=&#8221;default&#8221; background_enable_color=&#8221;off&#8221; use_background_color_gradient=&#8221;on&#8221; background_color_gradient_stops=&#8221;rgba(33,33,33,0.5) 0%|rgba(33,33,33,0.3) 100%&#8221; background_color_gradient_overlays_image=&#8221;on&#8221; background_color_gradient_start=&#8221;#160b00&#8243; background_color_gradient_end=&#8221;rgba(22,11,0,0)&#8221; background_image=&#8221;https:\/\/thegreenmanbar.be\/wp-content\/uploads\/2023\/11\/meilleure-cocktail-thegreenmanbar-bruxelles.jpg&#8221; background_position=&#8221;top_center&#8221; background_vertical_offset=&#8221;43%&#8221; custom_padding=&#8221;100px||100px||false|false&#8221; hover_enabled=&#8221;0&#8243; global_colors_info=&#8221;{}&#8221; sticky_enabled=&#8221;0&#8243;][et_pb_row _builder_version=&#8221;4.23.1&#8243; _module_preset=&#8221;default&#8221; global_colors_info=&#8221;{}&#8221;][et_pb_column type=&#8221;4_4&#8243; _builder_version=&#8221;4.23.1&#8243; _module_preset=&#8221;default&#8221; global_colors_info=&#8221;{}&#8221;][et_pb_text _builder_version=&#8221;4.23.4&#8243; text_text_color=&#8221;#FFFFFF&#8221; text_line_height=&#8221;1.8em&#8221; header_font_size=&#8221;60px&#8221; header_line_height=&#8221;1.2em&#8221; header_2_font=&#8221;Playfair Display||||||||&#8221; header_2_text_color=&#8221;#ffebd6&#8243; header_2_font_size=&#8221;55px&#8221; header_2_line_height=&#8221;1.2em&#8221; header_6_font=&#8221;|700||on|||||&#8221; header_6_text_color=&#8221;#ffcf9a&#8221; header_6_letter_spacing=&#8221;2px&#8221; header_6_line_height=&#8221;1.2em&#8221; background_layout=&#8221;dark&#8221; max_width=&#8221;80%&#8221; max_width_tablet=&#8221;80%&#8221; max_width_phone=&#8221;100%&#8221; max_width_last_edited=&#8221;on|phone&#8221; hover_enabled=&#8221;0&#8243; header_font_size_tablet=&#8221;40px&#8221; header_font_size_phone=&#8221;30px&#8221; header_font_size_last_edited=&#8221;on|phone&#8221; header_2_font_size_tablet=&#8221;40px&#8221; header_2_font_size_phone=&#8221;30px&#8221; header_2_font_size_last_edited=&#8221;on|phone&#8221; locked=&#8221;off&#8221; global_colors_info=&#8221;{}&#8221; sticky_enabled=&#8221;0&#8243;]<\/p>\n<h1>Menu<\/h1>\n<p>[\/et_pb_text][\/et_pb_column][\/et_pb_row][\/et_pb_section][et_pb_section fb_built=&#8221;1&#8243; admin_label=&#8221;Feature&#8221; _builder_version=&#8221;4.23.1&#8243; background_color=&#8221;#212121&#8243; background_image=&#8221;https:\/\/thegreenmanbar.be\/wp-content\/uploads\/2023\/11\/back-thegreenmanbar.png&#8221; background_size=&#8221;initial&#8221; background_position=&#8221;top_left&#8221; background_horizontal_offset=&#8221;10%&#8221; custom_margin=&#8221;||||false|false&#8221; custom_padding=&#8221;20px||||false|false&#8221; hover_enabled=&#8221;0&#8243; background_last_edited=&#8221;on|tablet&#8221; background_horizontal_offset_tablet=&#8221;0%&#8221; locked=&#8221;off&#8221; global_colors_info=&#8221;{}&#8221; sticky_enabled=&#8221;0&#8243;][et_pb_row _builder_version=&#8221;4.23.1&#8243; custom_padding=&#8221;0px||||false|false&#8221; hover_enabled=&#8221;0&#8243; global_colors_info=&#8221;{}&#8221; sticky_enabled=&#8221;0&#8243;][et_pb_column type=&#8221;4_4&#8243; _builder_version=&#8221;4.16&#8243; global_colors_info=&#8221;{}&#8221;][et_pb_text _builder_version=&#8221;4.23.4&#8243; text_text_color=&#8221;#FFFFFF&#8221; text_line_height=&#8221;1.8em&#8221; link_text_color=&#8221;#FFFFFF&#8221; header_2_font=&#8221;Playfair Display||||||||&#8221; header_2_text_color=&#8221;#ffebd6&#8243; header_2_font_size=&#8221;55px&#8221; header_2_line_height=&#8221;1.2em&#8221; header_6_font=&#8221;|700||on|||||&#8221; header_6_text_color=&#8221;#ffcf9a&#8221; header_6_letter_spacing=&#8221;2px&#8221; header_6_line_height=&#8221;1.2em&#8221; text_orientation=&#8221;center&#8221; background_layout=&#8221;dark&#8221; hover_enabled=&#8221;0&#8243; header_2_font_size_tablet=&#8221;40px&#8221; header_2_font_size_phone=&#8221;30px&#8221; header_2_font_size_last_edited=&#8221;on|phone&#8221; locked=&#8221;off&#8221; global_colors_info=&#8221;{}&#8221; link_text_color__hover_enabled=&#8221;on|hover&#8221; link_text_color__hover=&#8221;#c19d60&#8243; sticky_enabled=&#8221;0&#8243;]<\/p>\n<h2><span style=\"font-weight: bold; text-transform: uppercase; color: #ffcf9a!important; letter-spacing: 2px; line-height: 1.2em; font-size: 14px;\">The Green Man Bar <\/span><br \/>\n<\/h2>\n<p><div class=\"_df_book df-lite\" id=\"df_987506282\"  _slug=\"menuu\" data-title=\"menuu\" wpoptions=\"true\" thumbtype=\"\" ><\/div><script class=\"df-shortcode-script\" nowprocket type=\"application\/javascript\">window.option_df_987506282 = {\"outline\":[],\"autoEnableOutline\":\"false\",\"autoEnableThumbnail\":\"false\",\"overwritePDFOutline\":\"false\",\"direction\":\"1\",\"pageSize\":\"0\",\"source\":\"https:\\\/\\\/thegreenmanbar.be\\\/wp-content\\\/uploads\\\/2025\\\/11\\\/Winter-Menu-2025.pdf\",\"wpOptions\":\"true\"}; if(window.DFLIP && window.DFLIP.parseBooks){window.DFLIP.parseBooks();}<\/script>[\/et_pb_text][\/et_pb_column][\/et_pb_row][\/et_pb_section]<\/p>\n","protected":false},"excerpt":{"rendered":"<p>MenuThe Green Man Bar <div class=\"_df_book df-lite\" id=\"df_987506282\"  _slug=\"menuu\" data-title=\"menuu\" wpoptions=\"true\" thumbtype=\"\" ><\/div><script class=\"df-shortcode-script\" nowprocket type=\"application\/javascript\">window.option_df_987506282 = {\"outline\":[],\"autoEnableOutline\":\"false\",\"autoEnableThumbnail\":\"false\",\"overwritePDFOutline\":\"false\",\"direction\":\"1\",\"pageSize\":\"0\",\"source\":\"https:\\\/\\\/thegreenmanbar.be\\\/wp-content\\\/uploads\\\/2025\\\/11\\\/Winter-Menu-2025.pdf\",\"wpOptions\":\"true\"}; if(window.DFLIP && window.DFLIP.parseBooks){window.DFLIP.parseBooks();}<\/script><\/p>\n","protected":false},"author":3,"featured_media":0,"parent":0,"menu_order":0,"comment_status":"closed","ping_status":"closed","template":"","meta":{"_et_pb_use_builder":"on","_et_pb_old_content":"<!-- wp:divi\/placeholder \/-->","_et_gb_content_width":"","footnotes":""},"class_list":["post-987506376","page","type-page","status-publish","hentry"],"yoast_head":"<!-- This site is optimized with the Yoast SEO plugin v26.3 - https:\/\/yoast.com\/wordpress\/plugins\/seo\/ -->\n<title>La carte de votre bar \u00e0 cocktails \u00e0 Bruxelles | Le Green Man Bar<\/title>\n<meta name=\"description\" content=\"D\u00e9couvrez notre large s\u00e9lection des cocktails spectaculaire , et le happy hour de 17h a 20h tout les jours sur une selection des cocktails\" \/>\n<meta name=\"robots\" content=\"index, follow, max-snippet:-1, max-image-preview:large, max-video-preview:-1\" \/>\n<link rel=\"canonical\" href=\"https:\/\/thegreenmanbar.be\/en\/menu-2\/\" \/>\n<meta property=\"og:locale\" content=\"en_US\" \/>\n<meta property=\"og:type\" content=\"article\" \/>\n<meta property=\"og:title\" content=\"La carte de votre bar \u00e0 cocktails \u00e0 Bruxelles | Le Green Man Bar\" \/>\n<meta property=\"og:description\" content=\"D\u00e9couvrez notre large s\u00e9lection des cocktails spectaculaire , et le happy hour de 17h a 20h tout les jours sur une selection des cocktails\" \/>\n<meta property=\"og:url\" content=\"https:\/\/thegreenmanbar.be\/en\/menu-2\/\" \/>\n<meta property=\"og:site_name\" content=\"The Green Man Cocktail Bar\" \/>\n<meta property=\"article:modified_time\" content=\"2025-05-13T21:19:55+00:00\" \/>\n<meta property=\"og:image\" content=\"https:\/\/thegreenmanbar.be\/wp-content\/uploads\/2023\/11\/cropped-thegreenmanbar-logo.png\" \/>\n\t<meta property=\"og:image:width\" content=\"512\" \/>\n\t<meta property=\"og:image:height\" content=\"512\" \/>\n\t<meta property=\"og:image:type\" content=\"image\/png\" \/>\n<meta name=\"twitter:card\" content=\"summary_large_image\" \/>\n<meta name=\"twitter:label1\" content=\"Est. reading time\" \/>\n\t<meta name=\"twitter:data1\" content=\"1 minute\" \/>\n<script type=\"application\/ld+json\" class=\"yoast-schema-graph\">{\"@context\":\"https:\/\/schema.org\",\"@graph\":[{\"@type\":\"WebPage\",\"@id\":\"https:\/\/thegreenmanbar.be\/en\/menu-2\/\",\"url\":\"https:\/\/thegreenmanbar.be\/en\/menu-2\/\",\"name\":\"La carte de votre bar \u00e0 cocktails \u00e0 Bruxelles | Le Green Man Bar\",\"isPartOf\":{\"@id\":\"https:\/\/thegreenmanbar.be\/en\/#website\"},\"datePublished\":\"2024-01-15T15:19:39+00:00\",\"dateModified\":\"2025-05-13T21:19:55+00:00\",\"description\":\"D\u00e9couvrez notre large s\u00e9lection des cocktails spectaculaire , et le happy hour de 17h a 20h tout les jours sur une selection des cocktails\",\"breadcrumb\":{\"@id\":\"https:\/\/thegreenmanbar.be\/en\/menu-2\/#breadcrumb\"},\"inLanguage\":\"en-US\",\"potentialAction\":[{\"@type\":\"ReadAction\",\"target\":[\"https:\/\/thegreenmanbar.be\/en\/menu-2\/\"]}]},{\"@type\":\"BreadcrumbList\",\"@id\":\"https:\/\/thegreenmanbar.be\/en\/menu-2\/#breadcrumb\",\"itemListElement\":[{\"@type\":\"ListItem\",\"position\":1,\"name\":\"Accueil\",\"item\":\"https:\/\/thegreenmanbar.be\/en\/\"},{\"@type\":\"ListItem\",\"position\":2,\"name\":\"Menu\"}]},{\"@type\":\"WebSite\",\"@id\":\"https:\/\/thegreenmanbar.be\/en\/#website\",\"url\":\"https:\/\/thegreenmanbar.be\/en\/\",\"name\":\"The Green Man Cocktail Bar\",\"description\":\"The Green Man Cocktail Bar your finest cocktails in the heart of Brussels\",\"publisher\":{\"@id\":\"https:\/\/thegreenmanbar.be\/en\/#organization\"},\"potentialAction\":[{\"@type\":\"SearchAction\",\"target\":{\"@type\":\"EntryPoint\",\"urlTemplate\":\"https:\/\/thegreenmanbar.be\/en\/?s={search_term_string}\"},\"query-input\":{\"@type\":\"PropertyValueSpecification\",\"valueRequired\":true,\"valueName\":\"search_term_string\"}}],\"inLanguage\":\"en-US\"},{\"@type\":\"Organization\",\"@id\":\"https:\/\/thegreenmanbar.be\/en\/#organization\",\"name\":\"The Green Man Cocktail Bar\",\"url\":\"https:\/\/thegreenmanbar.be\/en\/\",\"logo\":{\"@type\":\"ImageObject\",\"inLanguage\":\"en-US\",\"@id\":\"https:\/\/thegreenmanbar.be\/en\/#\/schema\/logo\/image\/\",\"url\":\"https:\/\/thegreenmanbar.be\/wp-content\/uploads\/2023\/11\/cropped-thegreenmanbar-logo.png\",\"contentUrl\":\"https:\/\/thegreenmanbar.be\/wp-content\/uploads\/2023\/11\/cropped-thegreenmanbar-logo.png\",\"width\":512,\"height\":512,\"caption\":\"The Green Man Cocktail Bar\"},\"image\":{\"@id\":\"https:\/\/thegreenmanbar.be\/en\/#\/schema\/logo\/image\/\"}}]}<\/script>\n<!-- \/ Yoast SEO plugin. -->","yoast_head_json":{"title":"La carte de votre bar \u00e0 cocktails \u00e0 Bruxelles | Le Green Man Bar","description":"D\u00e9couvrez notre large s\u00e9lection des cocktails spectaculaire , et le happy hour de 17h a 20h tout les jours sur une selection des cocktails","robots":{"index":"index","follow":"follow","max-snippet":"max-snippet:-1","max-image-preview":"max-image-preview:large","max-video-preview":"max-video-preview:-1"},"canonical":"https:\/\/thegreenmanbar.be\/en\/menu-2\/","og_locale":"en_US","og_type":"article","og_title":"La carte de votre bar \u00e0 cocktails \u00e0 Bruxelles | Le Green Man Bar","og_description":"D\u00e9couvrez notre large s\u00e9lection des cocktails spectaculaire , et le happy hour de 17h a 20h tout les jours sur une selection des cocktails","og_url":"https:\/\/thegreenmanbar.be\/en\/menu-2\/","og_site_name":"The Green Man Cocktail Bar","article_modified_time":"2025-05-13T21:19:55+00:00","og_image":[{"width":512,"height":512,"url":"https:\/\/thegreenmanbar.be\/wp-content\/uploads\/2023\/11\/cropped-thegreenmanbar-logo.png","type":"image\/png"}],"twitter_card":"summary_large_image","twitter_misc":{"Est. reading time":"1 minute"},"schema":{"@context":"https:\/\/schema.org","@graph":[{"@type":"WebPage","@id":"https:\/\/thegreenmanbar.be\/en\/menu-2\/","url":"https:\/\/thegreenmanbar.be\/en\/menu-2\/","name":"La carte de votre bar \u00e0 cocktails \u00e0 Bruxelles | Le Green Man Bar","isPartOf":{"@id":"https:\/\/thegreenmanbar.be\/en\/#website"},"datePublished":"2024-01-15T15:19:39+00:00","dateModified":"2025-05-13T21:19:55+00:00","description":"D\u00e9couvrez notre large s\u00e9lection des cocktails spectaculaire , et le happy hour de 17h a 20h tout les jours sur une selection des cocktails","breadcrumb":{"@id":"https:\/\/thegreenmanbar.be\/en\/menu-2\/#breadcrumb"},"inLanguage":"en-US","potentialAction":[{"@type":"ReadAction","target":["https:\/\/thegreenmanbar.be\/en\/menu-2\/"]}]},{"@type":"BreadcrumbList","@id":"https:\/\/thegreenmanbar.be\/en\/menu-2\/#breadcrumb","itemListElement":[{"@type":"ListItem","position":1,"name":"Accueil","item":"https:\/\/thegreenmanbar.be\/en\/"},{"@type":"ListItem","position":2,"name":"Menu"}]},{"@type":"WebSite","@id":"https:\/\/thegreenmanbar.be\/en\/#website","url":"https:\/\/thegreenmanbar.be\/en\/","name":"The Green Man Cocktail Bar","description":"The Green Man Cocktail Bar your finest cocktails in the heart of Brussels","publisher":{"@id":"https:\/\/thegreenmanbar.be\/en\/#organization"},"potentialAction":[{"@type":"SearchAction","target":{"@type":"EntryPoint","urlTemplate":"https:\/\/thegreenmanbar.be\/en\/?s={search_term_string}"},"query-input":{"@type":"PropertyValueSpecification","valueRequired":true,"valueName":"search_term_string"}}],"inLanguage":"en-US"},{"@type":"Organization","@id":"https:\/\/thegreenmanbar.be\/en\/#organization","name":"The Green Man Cocktail Bar","url":"https:\/\/thegreenmanbar.be\/en\/","logo":{"@type":"ImageObject","inLanguage":"en-US","@id":"https:\/\/thegreenmanbar.be\/en\/#\/schema\/logo\/image\/","url":"https:\/\/thegreenmanbar.be\/wp-content\/uploads\/2023\/11\/cropped-thegreenmanbar-logo.png","contentUrl":"https:\/\/thegreenmanbar.be\/wp-content\/uploads\/2023\/11\/cropped-thegreenmanbar-logo.png","width":512,"height":512,"caption":"The Green Man Cocktail Bar"},"image":{"@id":"https:\/\/thegreenmanbar.be\/en\/#\/schema\/logo\/image\/"}}]}},"_links":{"self":[{"href":"https:\/\/thegreenmanbar.be\/en\/wp-json\/wp\/v2\/pages\/987506376","targetHints":{"allow":["GET"]}}],"collection":[{"href":"https:\/\/thegreenmanbar.be\/en\/wp-json\/wp\/v2\/pages"}],"about":[{"href":"https:\/\/thegreenmanbar.be\/en\/wp-json\/wp\/v2\/types\/page"}],"author":[{"embeddable":true,"href":"https:\/\/thegreenmanbar.be\/en\/wp-json\/wp\/v2\/users\/3"}],"replies":[{"embeddable":true,"href":"https:\/\/thegreenmanbar.be\/en\/wp-json\/wp\/v2\/comments?post=987506376"}],"version-history":[{"count":2,"href":"https:\/\/thegreenmanbar.be\/en\/wp-json\/wp\/v2\/pages\/987506376\/revisions"}],"predecessor-version":[{"id":987506993,"href":"https:\/\/thegreenmanbar.be\/en\/wp-json\/wp\/v2\/pages\/987506376\/revisions\/987506993"}],"wp:attachment":[{"href":"https:\/\/thegreenmanbar.be\/en\/wp-json\/wp\/v2\/media?parent=987506376"}],"curies":[{"name":"wp","href":"https:\/\/api.w.org\/{rel}","templated":true}]}}